{"id":338,"date":"2014-09-17T08:53:00","date_gmt":"2014-09-17T08:53:00","guid":{"rendered":"http:\/\/eticaeconomiafratelvittorino.it\/?page_id=338"},"modified":"2014-09-17T12:57:03","modified_gmt":"2014-09-17T12:57:03","slug":"fratel-vittorino-letica-e-leconomia","status":"publish","type":"page","link":"https:\/\/eticaeconomiafratelvittorino.it\/?page_id=338","title":{"rendered":"Fratel Vittorino, l&#8217;Etica e l&#8217;Economia"},"content":{"rendered":"<p style=\"text-align: center;\"><strong>Sintesi Incontro<\/strong><\/p>\n<p style=\"text-align: center;\"><strong>OASI S.GIACOMO-VAGO (VR) 12\/7\/2006<\/strong><\/p>\n<p><strong>\u00a0<\/strong><\/p>\n<p><strong>Perch\u00e9 questo incontro<\/strong><\/p>\n<p>Sono passati 9 anni da quando Fratel Vittorino \u00e8 stato chiamato al Padre e noi, con il nostro gruppo, intendiamo questa sera presentarvi la Sua figura sotto una luce diversa da quella esclusivamente spirituale.<br \/>\nCome tutti gli uomini di Dio anche Fratel Vittorino era un carismatico, un uomo dotato di un intelligenza superiore unita a dei talenti imprenditoriali che lo portavano ad essere maestro, manager, economista, precursore delle tecniche pi\u00f9 evolute; probabilmente sarebbe stato (capitale intangibile 1980) anche un grande imprenditore.<\/p>\n<p>Era nel suo DNA!<\/p>\n<p>Se a tutti questi doni naturali unite la sua fede incrollabile, autentica, infantile, genuina, il suo colloquio persistente con lo Spirito Santo, vi sar\u00e0 facile comprendere perch\u00e9 Fratel Vittorino fu un precursore dell&#8217;Economia e dell&#8217;impresa moderna, ma soprattutto dell&#8217;Etica imprenditoriale.<br \/>\nNon crediamo di poter trasmettere una visione completa dei suoi insegnamenti; ci limiteremo pertanto a cose essenziali, ad esempi pratici, a definizioni e considerazioni, che rimangano possibilmente impresse nella memoria di chi, ogni giorno, si scontra con le realt\u00e0 del lavoro, dell&#8217;impresa a tutti i livelli e delle varie categorie.<br \/>\nProietteremo sullo schermo gli argomenti che andremo ad esplorare, suddividendoli in gruppi omogenei, che troverete ampiamente sviluppati sul libro &#8220;Dare e Avere&#8221;.<br \/>\nQuesto libro ha un valore particolare perch\u00e9 \u00e8 una raccolta sintetica, ma estremamente chiara, storica, di centinaia di lezioni, di messaggi,di insegnamenti.<\/p>\n<div id=\"attachment_171\" style=\"width: 211px\" class=\"wp-caption alignright\"><a href=\"http:\/\/eticaeconomiafratelvittorino.it\/wp-content\/uploads\/2014\/07\/Dare-e-Avere_NEW.jpg\"><img aria-describedby=\"caption-attachment-171\" decoding=\"async\" loading=\"lazy\" class=\"wp-image-171 size-medium\" src=\"http:\/\/eticaeconomiafratelvittorino.it\/wp-content\/uploads\/2014\/07\/Dare-e-Avere_NEW-201x300.jpg\" alt=\"Dare e Avere_NEW\" width=\"201\" height=\"300\" srcset=\"https:\/\/eticaeconomiafratelvittorino.it\/wp-content\/uploads\/2014\/07\/Dare-e-Avere_NEW-201x300.jpg 201w, https:\/\/eticaeconomiafratelvittorino.it\/wp-content\/uploads\/2014\/07\/Dare-e-Avere_NEW-688x1024.jpg 688w, https:\/\/eticaeconomiafratelvittorino.it\/wp-content\/uploads\/2014\/07\/Dare-e-Avere_NEW-624x927.jpg 624w, https:\/\/eticaeconomiafratelvittorino.it\/wp-content\/uploads\/2014\/07\/Dare-e-Avere_NEW.jpg 1628w\" sizes=\"(max-width: 201px) 100vw, 201px\" \/><\/a><p id=\"caption-attachment-171\" class=\"wp-caption-text\">Dare \u00e8 Avere<\/p><\/div>\n<p><strong>Etica (premessa):<\/strong><\/p>\n<p><em>&#8211; Parte della filosofia che si occupa del problema morale, ossia del comportamento dell&#8217;uomo in relazione ai mezzi, ai fini, ai movimenti.<\/em><\/p>\n<p><em>&#8211; Modello comportamentale che un individuo o un gruppo di individui segue nella propria azione.<\/em><\/p>\n<p><em>&#8211; L&#8217;insieme dei doveri inerenti all&#8217;esercizio di un\u2019attivit\u00e0, professione.<\/em><\/p>\n<p><em>&#8211; Deontologia, cio\u00e8 complesso di norme etiche \u00e8 sociali che disciplinano l&#8217;esercizio di una data professione.<\/em><\/p>\n<p>L&#8217;etica, secondo Fratel Vittorino, \u00e8 una definizione pi\u00f9 chiara e semplice:<br \/>\nFare quello che devo e non quello che voglio.<br \/>\nCi\u00f2 che devo \u00e8 un concetto caratteriale, ci\u00f2 che voglio \u00e8 un concetto temperamentale.<br \/>\nIo nasco con il mio temperamento che mi induce a fare quello che pi\u00f9 mi aggrada, egocentricamente, egoisticamente.<br \/>\nModifico con il mio temperamento, con la mia intelligenza che genera la mia volont\u00e0 e mi rende libero di fare quello che devo, nel rispetto di tutto ci\u00f2 che mi circonda, uomini e cose, formando cos\u00ec il mio carattere.<br \/>\nIl passaggio dal fare quello che voglio a quello che devo, \u00e8 una condizione obbligatoria e si basa sui valori ben raccolti nei 10 comandamenti, in una convivenza positiva, individuale e sociale.<br \/>\nL&#8217;azienda-impresa,secondo il concetto di Fratel Vittorino, non pu\u00f2 prescindere da questo assioma. Infatti, l&#8217;etica di Fratel Vittorino \u00e8 estrapolata dal Vangelo ed in questo trova la sua giustificazione e il suo conforto.<br \/>\n&#8220;Con me tutto potete fare. Si-si, no-no o con me o contro di me&#8221;.<br \/>\nL&#8217;etica di Fratel Vittorino si evince da ogni manifestazione dell&#8217;uomo e si riconduce al suo modo di vivere e di comportarsi. \u00a0Si estrinseca nell&#8217;Amore verso Dio e verso &#8220;tutto&#8221; il suo prossimo, nel rispetto assoluto dei sentimenti, nella seriet\u00e0 e onest\u00e0 comportamentale, nel Servire, nell&#8217;obbedienza fino all&#8217;eroismo, nel giustificare, nel constatare e non giudicare, ma con fermezza e la severit\u00e0 che applica a se stesso;si definisce un fazzoletto nelle mani della Provvidenza!<br \/>\nEcco che il pensiero di Fratel Vittorino creer\u00e0, se letto in un momento di riflessione e di confronto, la premessa per una scelta di vita passando da Avere a Essere.<br \/>\nFratel Vittorino diceva\u00a0<strong>&#8220;Essere \u00e8 Avere&#8221;<\/strong>.<\/p>\n<p><strong>\u00a0<\/strong><\/p>\n<p><strong>L&#8217;AMORE E&#8217; VIA, VERIT\u00c0 E VITA<\/strong><\/p>\n<p><strong>\u00c8\u00a0NELL&#8217;AMORE CHE NASCONO LE IDEE!<\/strong><\/p>\n<p><strong>\u00a0<\/strong><\/p>\n<p><strong>AMORE<\/strong>\u00a0\u00e8 sinonimo di\u00a0<strong>unione<\/strong>\u00a0e l&#8217;unione rinforza l&#8217;amicizia. Ecco il perch\u00e9 dei nostri incontri.<\/p>\n<p><strong>UNIONE<\/strong>\u00a0\u00e8 sinonimo di\u00a0<strong>potenza<\/strong>, che si conquista consacrando il lavoro quotidiano.<\/p>\n<p><strong>POTENZA<\/strong>\u00a0\u00e8 sinonimo di\u00a0<strong>movimento<\/strong>; in questo movimento di d\u00e0 la vita alle cose di ogni giorno.<\/p>\n<p><strong>MOVIMENTO<\/strong>\u00a0\u00e8 sinonimo di\u00a0<strong>attrito<\/strong>; questo attrito deriva dalla lotta del bene col male; le nostre passioni sono forze stupende: se incanalate al bene daranno ottimi frutti, se incanalate al male daranno dispiaceri.<\/p>\n<p><strong>ATTRITO<\/strong>\u00a0\u00e8 sinonimo di\u00a0<strong>resa<\/strong>, perch\u00e9 produce calore, cio\u00e8 entusiasmo nel bene soprattutto fiducia reciproca.<\/p>\n<p><strong>CALORE<\/strong>\u00a0\u00e8 sinonimo di\u00a0<strong>luce<\/strong>; la luce illumina la vita e toglie ogni complesso. Ecco la necessit\u00e0 di ricorrere alla semplicit\u00e0 ed alla prudenza.<\/p>\n<p><strong>LUCE<\/strong>\u00a0\u00e8 sinonimo di\u00a0<strong>ordine<\/strong>. Nell&#8217;ordine regnano la distensione, il disinteresse e l&#8217;onest\u00e0 per eccellenza, che si chiama perfezione. La perfezione dona pace e gioia.<\/p>\n<p><strong>ORDINE<\/strong>\u00a0\u00e8 sinonimo di\u00a0<strong>verit\u00e0<\/strong>. Nella verit\u00e0 troviamo Dio che ci aspetta per donarci la gioia meritata.<\/p>\n<p><strong>VERIT\u00c0<\/strong>\u00a0\u00e8 sinonimo di\u00a0<strong>conquista di vita<\/strong>.<\/p>\n<p><strong>VITA<\/strong>\u00a0\u00e8 la sintesi delle voci precedenti.<\/p>\n<p>Perch\u00e9 ci\u00f2 avvenga occorre ancorare il rapporto di collaborazione a tutti i livelli, ai principi istituzionali dell&#8217;Etica.<br \/>\nOgni attivit\u00e0 \u00e8 un puzzle le cui tessere devono combaciare, ognuna al proprio posto per formare il suo obiettivo.<br \/>\nL&#8217;etica \u00e8 come il processo di fustellatura, che permette l&#8217;incastro perfetto di forme diverse (uomini), in spazi determinati (disegno), per farne l&#8217;obiettivo completo.<\/p>\n<p><strong>Che cos&#8217;\u00e8 l&#8217;economia?<\/strong><\/p>\n<p>E&#8217; l&#8217;insieme delle attivit\u00e0 relative alla produzione di ricchezza e alla distribuzione del reddito, si basa su rapporti sociali che s\u2019instaurano tra gli individui che ne fanno parte.<br \/>\nNoi parleremo dell&#8217;economia etica, quell&#8217;economia che Fratel Vittorino indica come salvezza dell&#8217;Italia, basata su valori di reciproco rispetto, di riconoscimento della capacit\u00e0,della disponibilit\u00e0 al confronto, della responsabilizzazione e gratificazione dei soggetti che la gestiscono.<br \/>\nFratel Vittorino non \u00e8 un utopista, un immaginario di una economia perfetta; \u00e8 per\u00f2 un razionale tendente alla perfezione, conoscitore del mondo e delle sue debolezze, con un intuito lungimirante ed una concretezza sconcertante.<br \/>\nIl momento attuale sembrerebbe il meno adatto per affrontare il problema dell&#8217;Etica dell&#8217;impresa.<br \/>\nDice Fratel Vittorino che l&#8217;economia \u00e8 indispensabile ma deve essere indirizzata al bene, al miglioramento del sistema di vita di tutti e non deve essere classista.<br \/>\nL&#8217;Economia \u00e8 l&#8217;espressione del&#8217; &#8220;Homo Sapiens&#8221; e va usata come mezzo e non come fine.<br \/>\nL&#8217;interprete nell&#8217;Economia \u00e8 l&#8217;imprenditore che crea l&#8217;impresa.<\/p>\n<p><strong>\u00a0<\/strong><strong>L&#8217;imprenditore e l&#8217;impresa nell&#8217;etica del Fratel Vittorino<\/strong><\/p>\n<p>Il &#8220;vero&#8221; Imprenditore \u00e8 colui che ha una marcia in pi\u00f9. Solitamente un dono naturale, un carisma che lo contraddistingue, indipendentemente dalle caratteristiche fisiche, culturali, economiche, familiari ed ambientali.<br \/>\nE&#8217; vero altres\u00ec che queste componenti cosiddette indipendenti, possono contribuire alla crescita, al miglioramento e soprattutto a dare sicurezza nello scegliere e nel decidere; ma hanno una caratteristica: non sono determinanti cos\u00ec come un carisma (talento) non \u00e8 un bene che si pu\u00f2 trasmettere in successione.<br \/>\nFratel Vittorino classifica l&#8217;imprenditore con una scala di valori che ispirano all&#8217;etica ed a questa caratteristica d\u00e0 una importanza primaria, irrinunciabile nell&#8217;indirizzo dell&#8217;attivit\u00e0 dell&#8217;imprenditore verso il bene, verso il male e verso quella zona intermedia che potremmo definire come profitto materialistico, oggi il pi\u00f9 considerato in un mondo sempre pi\u00f9 privo di valori.<br \/>\nQuanti sono gli imprenditori che pongono alla base della loro opera l&#8217;Etica, la morale, la giustizia, la correttezza, la seriet\u00e0? Quanti vendono &#8220;aliud pro alio&#8221; (una cosa per un&#8217;altra)?<br \/>\nAlcuni considerano la furbizia e la scaltrezza come antidoto all&#8217;onesta; truccano la loro incapacit\u00e0 come colpa della concorrenza, del mercato e della crisi contingente, nessuna revisione critica di se stessi: e perci\u00f2 tutto \u00e8 ammesso, tutto \u00e8 giustificato e l&#8217;insuccesso \u00e8 sempre colpa degli altri.<\/p>\n<p>&#8211;\u00a0L&#8217;imprenditore responsabile non comanda, ma dirige.<\/p>\n<p>&#8211;\u00a0Considera l\u2019organigramma aziendale come una piramide rovesciata.<\/p>\n<p>&#8211;\u00a0Si avvale di collaboratori capaci, li valorizza, li gratifica, ma soprattutto li coinvolge.<strong>\u00a0<\/strong><\/p>\n<p><strong>Lavoro di gruppo<\/strong><\/p>\n<p>Fin dal 1965 ci sono i primi incontri, i primi amalgami eterogenei di persone con cultura ed estrazione diverse in cui Fratel Vittorino auspica ed obbliga il lavoro di gruppo (lui lo chiama &#8220;consiglio&#8221;).<\/p>\n<p>Ogni consiglio ha:<\/p>\n<p>&#8211; un moderatore, meglio se estraneo alla compagine aziendale;<\/p>\n<p>&#8211; un verbale;<\/p>\n<p>&#8211; la lettura e la consultazione del verbale precedente \u00e8 propedeutica allo svolgimento del consiglio;<\/p>\n<p>&#8211; un ordine del giorno proposto dal primo responsabile e da tutti coloro che intendono inserire una loro idea o una loro proposta.<\/p>\n<p>Si \u00e8 provato a lavorare con questo sistema, e funziona a tutti i livelli ed ad ogni importanza.<br \/>\nFratel Vittorino considera:<\/p>\n<p>&#8211; i collaboratori primo patrimonio e parte integrante del capitale intangibile;<\/p>\n<p>&#8211; i fornitori alla stessa tregua dei clienti, entrambi come base del patrimonio aziendale.<\/p>\n<p>Si chiama investimento sul capitale intangibile, il patrimonio sommerso che valorizza il capitale tangibile espresso dal risultato economico e reddituale del bilancio. Questa equazione va fatta nei tempi in cui possa essere controllata, condotta dall&#8217;imprenditore e non al limite di necessit\u00e0 dello stesso.<strong>\u00a0<\/strong><\/p>\n<p><strong>Esempio della Piramide<\/strong><\/p>\n<p>L&#8217;imprenditore vero considera l&#8217;azienda come una piramide rovesciata il cui apice posa sulla sua responsabilit\u00e0 decisionale e sulle sue scelte.<br \/>\nQuesto \u00e8 l&#8217;assioma di Fratel Vittorino ed \u00e8 la base di una gestione manageriale responsabile tendente alla valorizzazione primaria delle risorse umane.<br \/>\nPartendo dalla premessa che la gestione moderna ha escluso il comandare sostituendolo con il &#8220;dirigere&#8221; ed il fare quello che si vuole con \u201cquello che si deve\u201d, nella piramide rovesciata troviamo la dinamica dell&#8217;ordine &#8220;progetto&#8221; che sale e della responsabilit\u00e0 (obiettivo) che scende, entrambe con velocit\u00e0 inversamente proporzionale.<br \/>\nIl sistema di Fratel Vittorino rileva nel suo dinamismo temporale la vera valutazione meritocratica delle risorse umane.<br \/>\nIl rapporto ordine e responsabilit\u00e0 stabilizza l&#8217;equilibrio piramidale e riconosce la validit\u00e0 delle forze che mantengono tale equilibrio.<br \/>\nLa fuga dalla responsabilit\u00e0 crea squilibri, contestazioni, disarmonie, comunque danni all&#8217;equilibrio, cos\u00ec come il trasferimento dell&#8217;ordine verso la base potr\u00e0 scorrere in maniera fluida solamente se condizionato e assistito dalla forza di responsabilit\u00e0.<br \/>\nFratel Vittorino dice che il\u00a0<strong>vero equilibrio si affina<\/strong>, quando le colpe e gli insuccessi sono del vertice e i risultati ed i successi sono la base o ai vari livelli della piramide aziendale.<br \/>\nE&#8217; un concetto rivoluzionario, suggerito da un rivoluzionario dell&#8217;amore, da un genio dell&#8217;imprenditorialit\u00e0, da un carismatico della gestione.<br \/>\nFratel Vittorino considera componente dell&#8217;etica d&#8217;impresa\u00a0<strong>la gratitudine.<br \/>\n<\/strong>Infatti egli dice che il vero imprenditore \u00e8 riconoscente.<br \/>\nIl concetto di gratitudine per Fratel Vittorino \u00e8 la base del rapporto interpersonale.<br \/>\nDon Calabria pregava sempre e prima di tutto per i benefattori, tutti i ricchi o poveri senza nessuna distinzione.<br \/>\nL&#8217;imprenditore avr\u00e0 in ragione di quanto e come d\u00e0, la gratitudine rende felice gli altri, crea entusiasmo e fidelity.<br \/>\nLa persona felice rende aziendalmente in ragione proporzionale alla sua felicit\u00e0.<br \/>\nL&#8217;ideale per Fratel Vittorino \u00e8 andare al lavoro, qualsiasi, cantando.<br \/>\nIl collaboratore deve sentirsi sicuro economicamente che psicologicamente, dovr\u00e0 essere cosciente di lavorare per il proprio interesse che coincide esattamente con quello dell&#8217;imprenditore.<br \/>\nLa motivazione \u00e8 gratitudine, la demotivazione \u00e8 egoismo ed egocentrismo.<br \/>\nFratel Vittorino vede l&#8217;impresa come una famiglia, grande e piccola indifferentemente, il problema di uno \u00e8 il problema di tutti, da risolvere e condividere; cos\u00ec il successo.<br \/>\nLa saggezza riduce le lacune dell&#8217;imprenditore, la gratitudine ne esalta i talenti ed i meriti.<br \/>\nLa spiritualit\u00e0 &#8220;senza di me nulla potete fare, con me nulla \u00e8 impossibile&#8221;..<br \/>\nQuante volte questa frase \u00e8 stata detta in questa casa, &#8220;guardate i gigli del campo&#8230;gli uccelli che non seminano, non raccolgono&#8230;&#8221; la sua logica era stringente&#8230; esiste uno Spirito Santo&#8230; e allora perch\u00e9 non sfruttarlo? Perch\u00e9 lasciarlo in disuso, facciamo un patto con Lui&#8230; io mi metto ai tuoi ordini, fazzoletto nelle tue mani, pronto a pulire il naso di chi ha bisogno, di chi non riesce a farlo da solo, a quell&#8217;imprenditore che ha contro il mercato, chi \u00e8 oppresso dai debiti, anche contingenti&#8230; Fare aziende di recupero.<br \/>\nNelle vostre attivit\u00e0 non abbiate mai paura di essere soli, non perdete mai la speranza, affidatevi allo Spirito Santo ed accettate anche la prova&#8230; perch\u00e9 lui sa perch\u00e9&#8230; e nulla va mai perduto nel disegno e nella permissione di Dio.<\/p>\n<p><strong>\u00a0<\/strong><strong>Parere &#8211; consiglio<\/strong><\/p>\n<p>Fratel Vittorino aveva fissato le virt\u00f9 per lo sviluppo dell&#8217;impresa.<\/p>\n<ol>\n<li>CONOSCENZA DI SE&#8217;<\/li>\n<li>EQUILIBRIO<\/li>\n<li>FIDUCIA RECIPROCA<\/li>\n<li>UMILT\u00c0<\/li>\n<li>ONEST\u00c0<\/li>\n<li>DISINTERESSE<\/li>\n<li>&#8220;S.INDIFFERENZA&#8221;<\/li>\n<\/ol>\n<p><strong>La critica<\/strong><\/p>\n<p>Attraverso una critica costruttiva sollecitata ai propri collaboratori pi\u00f9 vicini l&#8217;imprenditore responsabile procede ad una revisione e controllo delle sue capacit\u00e0 imprenditoriali.<br \/>\nFratel Vittorino dice:&#8221;considera l&#8217;azienda una pianta da curare, a volte anche da potare, ma annaffiala con la formazione, la ricerca, l&#8217;aggiornamento, il ricorso a uomini &#8211; tecniche &#8211; consulenti che apportano Know How&#8221;.<br \/>\nIn tal modo si creano prodotti definiti corretti, valutabili, certificando la qualit\u00e0.<strong>\u00a0<\/strong><\/p>\n<p><strong>Concetto di differenziazione:<\/strong><\/p>\n<p>&#8211; Frazionamento del rischio con reazione a catena, ma stessa etica, stesso stile.<br \/>\nRispetta il diritto alle ferie, concordandole responsabilmente con ogni responsabile di settore.<\/p>\n<p>&#8211; Riconosce la meritocrazia e la premia salvaguardando i diritti di base.<\/p>\n<p>&#8211; Esige un comportamento civile, una convivenza serena, l&#8217;ordine, la pulizia, annullando e non considerando i pettegolezzi, specie le informazioni anonime.<\/p>\n<p>&#8211; Pretende il rispetto dei beni aziendali e ne vieta l&#8217;uso personale autonomo e non autorizzato ( telefono, cancellerie, macchine, pc ).<\/p>\n<p>&#8211; Pretende che lo stile aziendale sia portato come immagine ed emblema nei rapporti interni e con \u00a0i terzi.<br \/>\nL&#8217;imprenditore \u00e8 il primo esempio di riferimento alla coerenza.<br \/>\nEgli fugge le simpatie e le antipatie e cura l&#8217;empatia.<br \/>\nSoprattutto cerca qualcuno che abbia conoscenze maggiori delle sue, agisce con umilt\u00e0 di chi sa perch\u00e9 non sa ( mai dire: \u201csono il padrone io faccio quello che voglio\u201d).<br \/>\nNell&#8217;impresa, pi\u00f9 gli uomini sono validi pi\u00f9 valide sono le loro idee.<br \/>\nLa capacit\u00e0 degli uomini \u00e8 una pianta che\u00a0 va coltivata con:<\/p>\n<ul>\n<li>la formazione;<\/li>\n<li>la responsabilizzazione;<\/li>\n<li>la gratificazione.<\/li>\n<\/ul>\n<p><strong>Riconoscere la validit\u00e0 degli altri<\/strong>\u00a0\u00e8 una componente del\u00a0<strong>&#8220;reddito dell&#8217;umilt\u00e0&#8221;.<\/strong><\/p>\n<p>Non \u00e8 facile mantenere l&#8217;umilt\u00e0 nella posizione di\u00a0&#8220;potere&#8221;\u00a0direttivo ed imprenditoriale.<br \/>\nQualsiasi fiume cresce la sua portata per effetto della sua sorgente (talento proprio) e gli immissari (talenti aggiuntivi). L&#8217;importante \u00e8 che gli immissari non siano inquinati.<br \/>\nInfine l&#8217;imprenditore saggio fa e sa fare quello che deve e non quello che vuole.<br \/>\nAbbiamo posto le basi di un progetto nuovo, che richiede uomini nuovi. Uomini non condizionati da esperienze passate positive o meno, ma che credono fortemente che una impresa cos\u00ec \u00e8 attuabile.<br \/>\nInoltre occorrono uomini preparati e formati a questo progetto, che intervengano nelle aziende per cambiarle, per trasformarle. Affinch\u00e9 ci\u00f2 sia possibile, occorre pubblicizzare la filosofia etica dell&#8217;impresa e dell&#8217;imprenditore vista nella scuola di Fratel Vittorino.<\/p>\n<div id=\"attachment_164\" style=\"width: 221px\" class=\"wp-caption aligncenter\"><a href=\"http:\/\/eticaeconomiafratelvittorino.it\/wp-content\/uploads\/2014\/07\/Fratel-Vittorino-Faccia.jpg\"><img aria-describedby=\"caption-attachment-164\" decoding=\"async\" loading=\"lazy\" class=\"wp-image-164 size-medium\" src=\"http:\/\/eticaeconomiafratelvittorino.it\/wp-content\/uploads\/2014\/07\/Fratel-Vittorino-Faccia-211x300.jpg\" alt=\"Fratel Vittorino Faccia\" width=\"211\" height=\"300\" srcset=\"https:\/\/eticaeconomiafratelvittorino.it\/wp-content\/uploads\/2014\/07\/Fratel-Vittorino-Faccia-211x300.jpg 211w, https:\/\/eticaeconomiafratelvittorino.it\/wp-content\/uploads\/2014\/07\/Fratel-Vittorino-Faccia-721x1024.jpg 721w, https:\/\/eticaeconomiafratelvittorino.it\/wp-content\/uploads\/2014\/07\/Fratel-Vittorino-Faccia-624x885.jpg 624w, https:\/\/eticaeconomiafratelvittorino.it\/wp-content\/uploads\/2014\/07\/Fratel-Vittorino-Faccia.jpg 903w\" sizes=\"(max-width: 211px) 100vw, 211px\" \/><\/a><p id=\"caption-attachment-164\" class=\"wp-caption-text\">Fratel Vittorino Faccia<\/p><\/div>\n","protected":false},"excerpt":{"rendered":"<p>Sintesi Incontro OASI S.GIACOMO-VAGO (VR) 12\/7\/2006 \u00a0 Perch\u00e9 questo incontro Sono passati 9 anni da quando Fratel Vittorino \u00e8 stato chiamato al Padre e noi, con il nostro gruppo, intendiamo questa sera presentarvi la Sua figura sotto una luce diversa da quella esclusivamente spirituale. Come tutti gli uomini di Dio anche Fratel Vittorino era un [&hellip;]<\/p>\n","protected":false},"author":1,"featured_media":0,"parent":342,"menu_order":0,"comment_status":"closed","ping_status":"closed","template":"","meta":{"footnotes":""},"_links":{"self":[{"href":"https:\/\/eticaeconomiafratelvittorino.it\/index.php?rest_route=\/wp\/v2\/pages\/338"}],"collection":[{"href":"https:\/\/eticaeconomiafratelvittorino.it\/index.php?rest_route=\/wp\/v2\/pages"}],"about":[{"href":"https:\/\/eticaeconomiafratelvittorino.it\/index.php?rest_route=\/wp\/v2\/types\/page"}],"author":[{"embeddable":true,"href":"https:\/\/eticaeconomiafratelvittorino.it\/index.php?rest_route=\/wp\/v2\/users\/1"}],"replies":[{"embeddable":true,"href":"https:\/\/eticaeconomiafratelvittorino.it\/index.php?rest_route=%2Fwp%2Fv2%2Fcomments&post=338"}],"version-history":[{"count":4,"href":"https:\/\/eticaeconomiafratelvittorino.it\/index.php?rest_route=\/wp\/v2\/pages\/338\/revisions"}],"predecessor-version":[{"id":365,"href":"https:\/\/eticaeconomiafratelvittorino.it\/index.php?rest_route=\/wp\/v2\/pages\/338\/revisions\/365"}],"up":[{"embeddable":true,"href":"https:\/\/eticaeconomiafratelvittorino.it\/index.php?rest_route=\/wp\/v2\/pages\/342"}],"wp:attachment":[{"href":"https:\/\/eticaeconomiafratelvittorino.it\/index.php?rest_route=%2Fwp%2Fv2%2Fmedia&parent=338"}],"curies":[{"name":"wp","href":"https:\/\/api.w.org\/{rel}","templated":true}]}}