{"id":772,"date":"2014-12-17T10:20:56","date_gmt":"2014-12-17T10:20:56","guid":{"rendered":"http:\/\/eticaeconomiafratelvittorino.it\/?page_id=772"},"modified":"2014-12-17T10:29:03","modified_gmt":"2014-12-17T10:29:03","slug":"fratel-vittorino-e-don-calabria","status":"publish","type":"page","link":"http:\/\/eticaeconomiafratelvittorino.it\/?page_id=772","title":{"rendered":"Fratel Vittorino e don Calabria"},"content":{"rendered":"<p><a href=\"http:\/\/eticaeconomiafratelvittorino.it\/wp-content\/uploads\/2014\/11\/Fratello-vittorino-e-don-calabria.jpg\"><img decoding=\"async\" loading=\"lazy\" class=\"aligncenter wp-image-759 size-full\" src=\"http:\/\/eticaeconomiafratelvittorino.it\/wp-content\/uploads\/2014\/11\/Fratello-vittorino-e-don-calabria-e1415986359788.jpg\" alt=\"Fratello vittorino e don calabria\" width=\"2051\" height=\"394\" srcset=\"http:\/\/eticaeconomiafratelvittorino.it\/wp-content\/uploads\/2014\/11\/Fratello-vittorino-e-don-calabria-e1415986359788.jpg 2051w, http:\/\/eticaeconomiafratelvittorino.it\/wp-content\/uploads\/2014\/11\/Fratello-vittorino-e-don-calabria-e1415986359788-300x57.jpg 300w, http:\/\/eticaeconomiafratelvittorino.it\/wp-content\/uploads\/2014\/11\/Fratello-vittorino-e-don-calabria-e1415986359788-1024x196.jpg 1024w, http:\/\/eticaeconomiafratelvittorino.it\/wp-content\/uploads\/2014\/11\/Fratello-vittorino-e-don-calabria-e1415986359788-624x119.jpg 624w\" sizes=\"(max-width: 2051px) 100vw, 2051px\" \/><\/a><\/p>\n<p>\u00c8 stato pubblicato il nuovo opuscolo <strong>&#8220;Fratel Vittorino Faccia: radici di umilt\u00e0 e ali di cielo&#8221;<\/strong>. Si tratta degli atti di due convegni svoltasi l&#8217;anno 2010 a San Zeno in monte per ricordare la figura del fratello e per riflettere sulla grande attualit\u00e0 degli insegnamenti che egli ha lasciato a quanti l&#8217;hanno conosciuto e all&#8217;Opera tutta. Un&#8217;attualit\u00e0 dimostrata dalle moltissime persone che hanno partecipato ai due convegni e che ancora oggi riconoscono in fratello Vittorino un faro insostituibile per la loro vita.<\/p>\n<p><!--more--><\/p>\n<p>Non mi \u00e8 difficile dire come fratello Vittorino attraverso tutta la sua vita sia stato &#8220;trasparenza&#8221;, specchio della vita e del pensiero di San Giovanni Calabria. Posso dire che in ogni suo discorso pubblico o privato, in ogni conversazione faceva sempre riferimento alla SS.Trinit\u00e0. Tutto quanto faceva e diceva era sempre riferito al Signore: era Lui il protagonista. San Giovanni Calabria era il suo faro, la luce che dava concretezza e visibilit\u00e0 ad ogni parola, ad ogni azione. Di qualunque argomento sopratutto spirituale si parlasse, lo attualizzava e lo rendeva concreto raccontando fatti, aneddoti ai quali lui stesso aveva partecipato in prima persona, e quando raccontava questi fatti, vi si immedesimava al punto che dava l&#8217;impressione, a chi lo ascoltava di non vedere e non sentire pi\u00f9 Vittorino che parlava, ma sembrava di sentire la voce e di vedere lo stesso Padre don Calabria e per noi che non l&#8217;avevamo conosciuto, la sua testimonianza ce lo rendeva familiare ed amico.<br \/>\nDa quello che ho sempre potuto ascoltare da fratello Vittorino mi pare di poter affermare che tra lui e don Calabria ci sia stato un rapporto molto stretto e di reciproco aiuto sopratutto spirituale. Dapprima don Calabria l&#8217;aveva fatto crescere vicino a s\u00e9: tante volte ho sentito fratello Vittorino definirsi come<em> &#8220;el so fioleto&#8221;<\/em> (il suo figlioletto) proprio nel senso che don Calabria aveva cercato in ogni modo di trasmettergli quello <em>spirito puro e genuino<\/em> che sentiva come l&#8217;essenza della notte oscura don Calabria ha potuto trovare in questa anima semplice e coraggiosa aiuto e consolazione.<br \/>\n<span style=\"line-height: 1.714285714; font-size: 1rem;\">Vittorino stesso raccontava come don Calabria nei momenti di difficolt\u00e0 lo mandasse a pregare davanti all&#8217;Eucarestia ed egli con la semplicit\u00e0 di un bambino, obbediva. Da don Calabria, fratello Vittorino aveva imparato a confidare in Dio Padre: attraverso tanti segni ed esperienze che aveva potuto vedere e sperimentare vicino a don Calabria, Vittorino ha potuto conoscere e toccare l&#8217;Amore paterno, provvidente e misericordioso di Dio. Fratello Vittorino aveva una fede cos\u00ec forte, direi carismatica, assomigliante a quella del fondatore, di chi crede ed \u00e8 certo che davvero <\/span><em style=\"line-height: 1.714285714; font-size: 1rem;\">al Signore niente \u00e8 impossibile.\u00a0<\/em><span style=\"line-height: 1.714285714; font-size: 1rem;\">Era per lui naturale rimettere in Dio Padre con fiducia ogni situazione, abbandonarsi a Lui soprattutto nei momenti difficili. Per questo sapeva consolare, ridare serenit\u00e0 e fiducia anche alle persone pi\u00f9 disperate, perch\u00e9 sapeva trasmettere una speranza credibile, che gli veniva dalla fede in un Padre che \u00e8 sempre presente, che non abbandona mai e che non \u00e8 capace di trarre anche dal male un gran bene.<br \/>\n<\/span><span style=\"line-height: 1.714285714; font-size: 1rem;\">Da don Calabria, fratello Vittorino aveva imparato che la miglior testimonianza non era quella delle prediche, ma degli esempi di vita. e sempre in linea con don Calabria era il suo rapporto intenso e commuovente con Ges\u00f9 Eucarestia, l&#8217;amore a Maria, lo spirito di umilt\u00e0 e obbedienza, la preoccupazione per la salvezza delle anime&#8230;<\/span><\/p>\n<p style=\"text-align: left;\"><em>(Testo tratto dall&#8217;intervento di suor.Maria Chiara Grigolini, Madre Generale delle Povere Serve della Divina Provvidenza, in occasione de Convegno su fr. Vittorino tenutosi il 21 marzo 2010)<\/em><\/p>\n<p style=\"text-align: left;\"><a title=\"Radici di umilt\u00e0 e ali di cielo\" href=\"http:\/\/eticaeconomiafratelvittorino.it\/?page_id=347\">Clicca qui per scaricare l&#8217;allegato<\/a><\/p>\n","protected":false},"excerpt":{"rendered":"<p>\u00c8 stato pubblicato il nuovo opuscolo &#8220;Fratel Vittorino Faccia: radici di umilt\u00e0 e ali di cielo&#8221;. Si tratta degli atti di due convegni svoltasi l&#8217;anno 2010 a San Zeno in monte per ricordare la figura del fratello e per riflettere sulla grande attualit\u00e0 degli insegnamenti che egli ha lasciato a quanti l&#8217;hanno conosciuto e all&#8217;Opera [&hellip;]<\/p>\n","protected":false},"author":1,"featured_media":0,"parent":342,"menu_order":0,"comment_status":"closed","ping_status":"closed","template":"","meta":{"footnotes":""},"_links":{"self":[{"href":"http:\/\/eticaeconomiafratelvittorino.it\/index.php?rest_route=\/wp\/v2\/pages\/772"}],"collection":[{"href":"http:\/\/eticaeconomiafratelvittorino.it\/index.php?rest_route=\/wp\/v2\/pages"}],"about":[{"href":"http:\/\/eticaeconomiafratelvittorino.it\/index.php?rest_route=\/wp\/v2\/types\/page"}],"author":[{"embeddable":true,"href":"http:\/\/eticaeconomiafratelvittorino.it\/index.php?rest_route=\/wp\/v2\/users\/1"}],"replies":[{"embeddable":true,"href":"http:\/\/eticaeconomiafratelvittorino.it\/index.php?rest_route=%2Fwp%2Fv2%2Fcomments&post=772"}],"version-history":[{"count":6,"href":"http:\/\/eticaeconomiafratelvittorino.it\/index.php?rest_route=\/wp\/v2\/pages\/772\/revisions"}],"predecessor-version":[{"id":778,"href":"http:\/\/eticaeconomiafratelvittorino.it\/index.php?rest_route=\/wp\/v2\/pages\/772\/revisions\/778"}],"up":[{"embeddable":true,"href":"http:\/\/eticaeconomiafratelvittorino.it\/index.php?rest_route=\/wp\/v2\/pages\/342"}],"wp:attachment":[{"href":"http:\/\/eticaeconomiafratelvittorino.it\/index.php?rest_route=%2Fwp%2Fv2%2Fmedia&parent=772"}],"curies":[{"name":"wp","href":"https:\/\/api.w.org\/{rel}","templated":true}]}}